{"id":216,"date":"2015-02-27T13:13:09","date_gmt":"2015-02-27T12:13:09","guid":{"rendered":"http:\/\/fsk.biali.ninja\/?page_id=216"},"modified":"2015-02-27T13:13:09","modified_gmt":"2015-02-27T12:13:09","slug":"statut","status":"publish","type":"page","link":"http:\/\/klubfsk.pl\/?page_id=216","title":{"rendered":"Statut"},"content":{"rendered":"<hr \/>\n<h4><\/h4>\n<h4>Rozdzia\u0142 I<\/h4>\n<hr \/>\n<h4>\nPostanowienia og\u00f3lne Nazwa, teren dzia\u0142ania, siedziba i charakter prawny<\/h4>\n<p>\u00a7 1<br \/>\n1. Stowarzyszenie FSK, w skr\u00f3cie FSK, zwane dalej Stowarzyszeniem, jest stowarzyszeniem wpisanym do rejestru i z tego tytu\u0142u posiada osobowo\u015b\u0107 prawn\u0105.<br \/>\n2. Nazwa Stowarzyszenia jest prawnie zastrze\u017cona.<br \/>\n\u00a7 2<br \/>\nTerenem dzia\u0142ania Stowarzyszenia jest teren Rzeczypospolitej Polskiej z siedzib\u0105 Stowarzyszenia i w\u0142adz w Warszawie.<br \/>\n\u00a7 3<br \/>\nStowarzyszenie opiera swoj\u0105 dzia\u0142alno\u015b\u0107 na pracy spo\u0142ecznej cz\u0142onk\u00f3w. Do prowadzenia swych spraw mo\u017ce zatrudnia\u0107 pracownik\u00f3w.<br \/>\n\u00a7 4<br \/>\nStowarzyszenie b\u0119dzie u\u017cywa\u0107 piecz\u0119ci, god\u0142a, barw, flag, odznak i znaczk\u00f3w organizacyjnych (logo) na zasadach okre\u015blonych obowi\u0105zuj\u0105cymi przepisami. Ich tre\u015b\u0107 i forma stanowi\u0105 prawa zastrze\u017cone.<br \/>\n\u00a7 5<br \/>\nStowarzyszenie mo\u017ce by\u0107 cz\u0142onkiem innych organizacji i stowarzysze\u0144 zainteresowanych rozwojem kultury fizycznej, w tym dalekowschodnich sztuk walki i dalekowschodniej kultury.<br \/>\n\u00a7 6<br \/>\nStowarzyszenie dzia\u0142a zgodnie z ustaw\u0105 z dnia z dnia 7 kwietnia 1989 r. Prawo o stowarzyszeniach Dz.U. z 2001 r. Nr 79 poz. 855 ze zm.) i niniejszym Statutem.<\/p>\n<hr \/>\n<p>&nbsp;<\/p>\n<h4>Rozdzia\u0142 II<\/h4>\n<hr \/>\n<h4>\nCele i \u015brodki dzia\u0142ania<\/h4>\n<p>\u00a7 7<br \/>\n1. Celem Stowarzyszenia jest promowanie sztuk walki jako sportu oraz sposobu podnoszenia sprawno\u015bci fizycznej dzieci, m\u0142odzie\u017cy i doros\u0142ych.<br \/>\n2. Stowarzyszenie realizuje swoje cele poprzez:<br \/>\na) nauczanie sztuk walki z wykorzystaniem element\u00f3w wschodnich sztuk i sport\u00f3w walki oraz sport\u00f3w pokrewnych;<br \/>\nb) organizowanie zaj\u0119\u0107 sportowych, oboz\u00f3w szkoleniowych i szkoleniowo-wypoczynkowych;<br \/>\nc) organizowanie zawod\u00f3w, imprez sportowych i rekreacyjnych, pokaz\u00f3w sportowych oraz wyjazd\u00f3w na zawody, imprezy i pokazy;<br \/>\nd) organizowanie i przygotowywanie kadry FSK do zawod\u00f3w sportowych;<br \/>\ne) organizowanie kurs\u00f3w, szkole\u0144 i seminari\u00f3w o tematyce sportowej oraz wyjazd\u00f3w na kursy, szkolenia i seminaria;<br \/>\nf) prowadzenie dzia\u0142alno\u015bci informacyjnej, promocyjnej i wydawniczej s\u0142u\u017c\u0105cej realizacji cel\u00f3w statutowych;<br \/>\ng) wsp\u00f3\u0142prac\u0119 z organizacjami i klubami sportowymi oraz organizacjami, zainteresowanymi promowaniem sportu;<\/p>\n<hr \/>\n<p>&nbsp;<\/p>\n<h4>Rozdzia\u0142 III<\/h4>\n<hr \/>\n<h4>\nCz\u0142onkowie, ich prawa i obowi\u0105zki<\/h4>\n<p>\u00a7 8<br \/>\n1. Cz\u0142onkami Stowarzyszenia mog\u0105 by\u0107 osoby fizyczne i prawne.<br \/>\n2. Osoba prawna mo\u017ce by\u0107 jedynie cz\u0142onkiem wspieraj\u0105cym Stowarzyszenia.<br \/>\n\u00a7 9<br \/>\nCz\u0142onkowie Stowarzyszenia dziel\u0105 si\u0119 na:<br \/>\n1) cz\u0142onk\u00f3w zwyczajnych,<br \/>\n2) cz\u0142onk\u00f3w wspieraj\u0105cych,<br \/>\n3) cz\u0142onk\u00f3w honorowych.<br \/>\n\u00a7 10<br \/>\n1. Cz\u0142onkiem zwyczajnym mo\u017ce by\u0107 osoba fizyczna posiadaj\u0105ca pe\u0142n\u0105 zdolno\u015b\u0107 do czynno\u015bci prawnych, nie jest pozbawiona praw publicznych, akceptuj\u0105ca statutowe cele Stowarzyszenia. Ma\u0142oletni mo\u017ce by\u0107 cz\u0142onkiem zwyczajnym Stowarzyszenia za zgod\u0105 przedstawicieli ustawowych.<br \/>\n2. Cz\u0142onkiem wspieraj\u0105cym mo\u017ce by\u0107 jedynie osoba prawna, zainteresowana dzia\u0142alno\u015bci\u0105 Stowarzyszenia, kt\u00f3ra zadeklarowa\u0142a na jego rzecz pomoc finansow\u0105 lub rzeczow\u0105. Osoba prawna dzia\u0142a w Stowarzyszeniu przez swoich przedstawicieli.<br \/>\n3. Cz\u0142onkiem honorowym mo\u017ce by\u0107 osoba fizyczna, kt\u00f3ra wnios\u0142a wybitny wk\u0142ad w rozw\u00f3j idei Stowarzyszenia lub w inny szczeg\u00f3lny spos\u00f3b zas\u0142u\u017cy\u0142a si\u0119 dla Stowarzyszenia.<br \/>\n4. Cz\u0142onk\u00f3w zwyczajnych i wspieraj\u0105cych przyjmuje w drodze uchwa\u0142y Zarz\u0105d Stowarzyszenia, na podstawie pisemnej deklaracji kandydata.<br \/>\n\u00a7 11<br \/>\n1. Cz\u0142onek zwyczajny ma prawo do:<br \/>\na) czynnego i biernego prawa wyborczego do w\u0142adz Stowarzyszenia z ograniczeniami okre\u015blonymi w art. 3 ust. 2 i 3 ustawy z dnia 7 kwietnia 1989r. &#8211; Prawo o stowarzyszeniach (Dz.U. z 2001 r. Nr 79 poz. 855 ze zm.),<br \/>\nb) uczestniczenia w organizowanych przez Stowarzyszenie zawodach sportowych,<br \/>\nc) zg\u0142aszania opinii, wniosk\u00f3w i postulat\u00f3w do w\u0142adz Stowarzyszenia,<br \/>\nd) korzystania z urz\u0105dze\u0144, \u015bwiadcze\u0144 i pomocy Stowarzyszenia,<br \/>\ne) noszenia odznaki Stowarzyszenia,<br \/>\nf) zaskar\u017cania do Walnego Zebrania Cz\u0142onk\u00f3w Stowarzyszenia uchwa\u0142 Zarz\u0105du Stowarzyszenia o skre\u015bleniu z listy cz\u0142onk\u00f3w lub wykluczeniu ze Stowarzyszenia.<br \/>\n2. Cz\u0142onek zwyczajny jest obowi\u0105zany do:<br \/>\na) aktywnego uczestnictwa w pracach i realizacji cel\u00f3w Stowarzyszenia,<br \/>\nb) przestrzegania Statutu, regulamin\u00f3w i uchwa\u0142 w\u0142adz Stowarzyszenia,<br \/>\nc) przestrzegania etyki sportu,<br \/>\nd) regularnego op\u0142acania sk\u0142adek i innych \u015bwiadcze\u0144, obowi\u0105zuj\u0105cych w Stowarzyszeniu.<br \/>\n\u00a7 12<br \/>\n1. Cz\u0142onkowie wspieraj\u0105cy i honorowi nie posiadaj\u0105 biernego oraz czynnego prawa wyborczego, mog\u0105 jednak bra\u0107 udzia\u0142 z g\u0142osem doradczym w statutowych w\u0142adzach Stowarzyszenia, poza tym posiadaj\u0105 takie prawa jak cz\u0142onkowie zwyczajni.<br \/>\n2. Cz\u0142onek wspieraj\u0105cy jest obowi\u0105zany do regularnego wywi\u0105zywania si\u0119 z deklarowanych \u015bwiadcze\u0144 oraz przestrzegania statutu, regulamin\u00f3w oraz uchwa\u0142 w\u0142adz Stowarzyszenia.<br \/>\n3. Cz\u0142onek honorowy zwolniony jest z op\u0142acania sk\u0142adek cz\u0142onkowskich.<br \/>\n\u00a7 13<br \/>\n1. Cz\u0142onkostwo w Stowarzyszeniu ustaje na skutek:<br \/>\na) dobrowolnej rezygnacji cz\u0142onka zg\u0142oszonej na pi\u015bmie, po uprzednim uregulowaniu sk\u0142adek cz\u0142onkowskich i innych zobowi\u0105za\u0144,<br \/>\nb) \u015bmierci cz\u0142onka lub utraty osobowo\u015bci prawnej przez cz\u0142onka wspieraj\u0105cego,<br \/>\nc) skre\u015blenia z listy cz\u0142onk\u00f3w z powodu nieusprawiedliwionego zalegania z op\u0142at\u0105 sk\u0142adek cz\u0142onkowskich lub innych zobowi\u0105za\u0144, przez okres przekraczaj\u0105cy 6 miesi\u0119cy, d) rozwi\u0105zania si\u0119 Stowarzyszenia,<br \/>\ne) wykluczenia ze Stowarzyszenia w przypadku ra\u017c\u0105cego naruszenia zasad statutowych, nieprzestrzegania postanowie\u0144, uchwa\u0142 i regulamin\u00f3w oraz zasad etyki,<br \/>\nf) wykluczenia w wyniku prawomocnego orzeczenia s\u0105du powszechnego, orzekaj\u0105cego kar\u0119 w postaci pozbawienia praw publicznych,<br \/>\ng) pozbawienia cz\u0142onkostwa honorowego, w wyniku uchwa\u0142y w\u0142adz Stowarzyszenia, kt\u00f3ra cz\u0142onkostwo nada\u0142a.<br \/>\n2. W przypadkach okre\u015blonych w ust. 1 pkt c), d) i e) orzeka Zarz\u0105d Stowarzyszenia, kt\u00f3ry zobowi\u0105zany jest zawiadomi\u0107 cz\u0142onka o skre\u015bleniu lub wykluczeniu, podaj\u0105c przyczyn\u0119 skre\u015blenia lub wykluczenia, wskazuj\u0105c jednocze\u015bnie prawo do wniesienia odwo\u0142ania do Walnego Zebrania Cz\u0142onk\u00f3w Stowarzyszenia, w terminie 30 dni od daty dor\u0119czenia stosownej uchwa\u0142y.<br \/>\n3. Do os\u00f3b, kt\u00f3rym odm\u00f3wiono prawa cz\u0142onkostwa stosuje si\u0119 odpowiednio zasady okre\u015blone w ust. 2.<\/p>\n<hr \/>\n<p>&nbsp;<\/p>\n<h4>Rozdzia\u0142 IV.<\/h4>\n<hr \/>\n<h4>\nStruktura organizacyjna.<\/h4>\n<p>\u00a7 14<br \/>\nW\u0142adzami Stowarzyszenia s\u0105:<br \/>\n1) Walne Zebranie Cz\u0142onk\u00f3w Stowarzyszenia.<br \/>\n2) Zarz\u0105d Stowarzyszenia.<br \/>\n3) Komisja Rewizyjna Stowarzyszenia.<br \/>\n(&#8230;)<br \/>\n\u00a7 20<br \/>\nZarz\u0105d Stowarzyszenia, zwany dalej Zarz\u0105dem.<br \/>\n1. Zarz\u0105d kieruje ca\u0142okszta\u0142tem dzia\u0142alno\u015bci Stowarzyszenia zgodnie z uchwa\u0142ami Walnego Zebrania, reprezentuje Stowarzyszenie na zewn\u0105trz, dzia\u0142a w jego imieniu i ponosi odpowiedzialno\u015b\u0107 przed Walnym Zebraniem.<br \/>\n2. Zarz\u0105d sk\u0142ada si\u0119 z 3 do 5 os\u00f3b (w tym prezesa), wybieranych przez Walne Zebranie Cz\u0142onk\u00f3w. Na pierwszym posiedzeniu Zarz\u0105d mo\u017ce ze swego grona wybra\u0107 wiceprezesa, sekretarza i skarbnika.<br \/>\n3. Zasady dzia\u0142ania Zarz\u0105du okre\u015bla regulamin uchwalony przez Zarz\u0105d Stowarzyszenia.<br \/>\n4. Zarz\u0105d Stowarzyszenia zbiera si\u0119 w miar\u0119 potrzeb, lecz nie rzadziej ni\u017c raz na 3 miesi\u0105ce.<br \/>\n5. Do wa\u017cno\u015bci uchwa\u0142 Zarz\u0105du Stowarzyszenia konieczna jest obecno\u015b\u0107 co najmniej po\u0142owy liczby cz\u0142onk\u00f3w Zarz\u0105du, w tym prezesa.<br \/>\n6. Uchwa\u0142y Zarz\u0105du podejmowane s\u0105 zwyk\u0142\u0105 wi\u0119kszo\u015bci\u0105 g\u0142os\u00f3w w obecno\u015bci co najmniej 1\/2 og\u00f3lnej liczby cz\u0142onk\u00f3w Zarz\u0105du. W sytuacji r\u00f3wnego roz\u0142o\u017cenia g\u0142os\u00f3w decyduje g\u0142os Prezesa.<br \/>\n\u00a7 21<br \/>\nDo zakresu dzia\u0142a\u0144 Zarz\u0105du nale\u017cy:<br \/>\na) reprezentowanie Stowarzyszenia na zewn\u0105trz i dzia\u0142ania w jego imieniu,<br \/>\nb) realizacja cel\u00f3w Stowarzyszenia oraz uchwa\u0142 Walnego Zebrania Cz\u0142onk\u00f3w,<br \/>\nc) okre\u015blenie szczeg\u00f3\u0142owych kierunk\u00f3w dzia\u0142ania Stowarzyszenia i jego preliminarzy bud\u017cetowych,<br \/>\nd) sprawowanie nadzoru nad maj\u0105tkiem Stowarzyszenia i funduszami, zgodnie z obowi\u0105zuj\u0105cymi przepisami,<br \/>\ne) uchwalanie regulaminu dzia\u0142ania Zarz\u0105du<br \/>\nf) podejmowanie decyzji w sprawie nabycia lub zbycia maj\u0105tku nieruchomego lub ruchomego,<br \/>\ng) zwo\u0142ywanie Walnego Zebrania Cz\u0142onk\u00f3w,<br \/>\nh) ustalanie wysoko\u015bci sk\u0142adek cz\u0142onkowskich oraz innych \u015bwiadcze\u0144, ulg i zwolnie\u0144 od tych sk\u0142adek lub \u015bwiadcze\u0144,<br \/>\ni) sk\u0142adanie rocznych sprawozda\u0144 z dzia\u0142alno\u015bci Stowarzyszenia.<br \/>\n\u00a7 22<br \/>\n1. Do sk\u0142adania o\u015bwiadcze\u0144 woli w imieniu Stowarzyszenia wymagane jest wsp\u00f3\u0142dzia\u0142anie dw\u00f3ch cz\u0142onk\u00f3w Zarz\u0105du z zastrze\u017ceniem ust. 2.<br \/>\n2. Do sk\u0142adania o\u015bwiadcze\u0144 woli w przedmiocie praw i obowi\u0105zk\u00f3w maj\u0105tkowych Klubu oraz udzielenia pe\u0142nomocnictw wymagane s\u0105 podpisy dw\u00f3ch cz\u0142onk\u00f3w Zarz\u0105du, w tym Prezesa.<br \/>\n(&#8230;)<\/p>\n<hr \/>\n<p>&nbsp;<\/p>\n<h4>Rozdzia\u0142 VI<\/h4>\n<hr \/>\n<h4>\nMaj\u0105tek i fundusze Stowarzyszenia<\/h4>\n<p>\u00a7 29<br \/>\nMaj\u0105tek Stowarzyszenia stanowi\u0105 nieruchomo\u015bci, ruchomo\u015bci i fundusze.<br \/>\n\u00a7 30<br \/>\n1. \u0179r\u00f3d\u0142ami powstania maj\u0105tku Stowarzyszenia s\u0105: a) wpisowe i sk\u0142adki cz\u0142onkowskie,<br \/>\nb) dotacje,<br \/>\nc) darowizny, zapisy i spadki,<br \/>\nd) wp\u0142ywy z dzia\u0142alno\u015bci gospodarczej,<br \/>\ne) wp\u0142ywy z ofiarno\u015bci publicznej.<br \/>\n2. Sk\u0142adki cz\u0142onkowskie s\u0105 wp\u0142acane do ka\u017cdego 5-go dnia miesi\u0105ca.<br \/>\n3. Stowarzyszenie prowadzi gospodark\u0119 finansow\u0105 oraz rachunkowo\u015b\u0107 zgodnie z obowi\u0105zuj\u0105cymi przepisami.<br \/>\n(&#8230;)<\/p>\n","protected":false},"excerpt":{"rendered":"<p>Rozdzia\u0142 I Postanowienia og\u00f3lne Nazwa, teren dzia\u0142ania, siedziba i charakter prawny \u00a7 1 1. Stowarzyszenie FSK, w skr\u00f3cie FSK, zwane dalej Stowarzyszeniem, jest stowarzyszeniem wpisanym do rejestru i z tego tytu\u0142u posiada osobowo\u015b\u0107 prawn\u0105. 2. Nazwa Stowarzyszenia jest prawnie zastrze\u017cona. \u00a7 2 Terenem dzia\u0142ania Stowarzyszenia jest teren Rzeczypospolitej Polskiej z siedzib\u0105 Stowarzyszenia i w\u0142adz w [&hellip;]<\/p>\n","protected":false},"author":1,"featured_media":0,"parent":0,"menu_order":0,"comment_status":"closed","ping_status":"open","template":"","meta":{"footnotes":""},"_links":{"self":[{"href":"http:\/\/klubfsk.pl\/index.php?rest_route=\/wp\/v2\/pages\/216"}],"collection":[{"href":"http:\/\/klubfsk.pl\/index.php?rest_route=\/wp\/v2\/pages"}],"about":[{"href":"http:\/\/klubfsk.pl\/index.php?rest_route=\/wp\/v2\/types\/page"}],"author":[{"embeddable":true,"href":"http:\/\/klubfsk.pl\/index.php?rest_route=\/wp\/v2\/users\/1"}],"replies":[{"embeddable":true,"href":"http:\/\/klubfsk.pl\/index.php?rest_route=%2Fwp%2Fv2%2Fcomments&post=216"}],"version-history":[{"count":1,"href":"http:\/\/klubfsk.pl\/index.php?rest_route=\/wp\/v2\/pages\/216\/revisions"}],"predecessor-version":[{"id":217,"href":"http:\/\/klubfsk.pl\/index.php?rest_route=\/wp\/v2\/pages\/216\/revisions\/217"}],"wp:attachment":[{"href":"http:\/\/klubfsk.pl\/index.php?rest_route=%2Fwp%2Fv2%2Fmedia&parent=216"}],"curies":[{"name":"wp","href":"https:\/\/api.w.org\/{rel}","templated":true}]}}