{"id":28,"date":"2015-02-24T23:39:41","date_gmt":"2015-02-24T22:39:41","guid":{"rendered":"http:\/\/fsk.biali.ninja\/?page_id=28"},"modified":"2015-03-07T00:04:43","modified_gmt":"2015-03-06T23:04:43","slug":"karate","status":"publish","type":"page","link":"http:\/\/klubfsk.pl\/?page_id=28","title":{"rendered":"Karate"},"content":{"rendered":"<hr \/>\n<p>&nbsp;<\/p>\n<p>Karate &#8211; to dwa japo\u0144skie s\u0142owa \u201e<strong>kara-te<\/strong>\u201d, znacz\u0105 \u201epusta r\u0119ka\u201d.<\/p>\n<p>Karate jest systemem walki. System ten sk\u0142ada si\u0119 technik blokowania lub udaremniania ataku, kontratakowania przeciwnika przez uderzenie pi\u0119\u015bci\u0105 lub kantem d\u0142oni czy te\u017c kopni\u0119cia. Trzy ga\u0142\u0119zie dzisiejszego karate \u2013 jako sztuka fizyczna, sport i samoobrona \u2013 s\u0105 oparte na wykorzystaniu samych podstawowych technik.<\/p>\n<p>Najstarsz\u0105 histori\u0119, si\u0119gaj\u0105c\u0105 setek lat wstecz, ma karate jako sztuka samoobrony. Techniki zosta\u0142y wnikliwie przestudiowane, a g\u0142\u00f3wne za\u0142o\u017cenia opar\u0142y si\u0119 na najbardziej efektywnym wykorzystaniu zr\u00f3\u017cnicowanych ruch\u00f3w cia\u0142a. Trening oparty na tych za\u0142o\u017ceniach, na wiedzy na temat pracy mi\u0119\u015bni i staw\u00f3w oraz \u017cywotnych powi\u0105za\u0144 pomi\u0119dzy ruchem i r\u00f3wnowag\u0105 umo\u017cliwi\u0142 przygotowanie zar\u00f3wno psychiczne jak i fizyczne do skutecznej obrony przed napastnikiem.<\/p>\n<p>Karate jako sztuka fizyczna nie ma sobie r\u00f3wnych. Poniewa\u017c jest ona dynamiczna i wykorzystuje wiele mi\u0119\u015bni, gwarantuje wspania\u0142y og\u00f3lny rozw\u00f3j cia\u0142a, poprawia koordynacj\u0119 i zwinno\u015b\u0107.<\/p>\n<p>Karate, jako sport, ma stosunkowo kr\u00f3tk\u0105 histori\u0119. Opracowane zasady wsp\u00f3\u0142zawodnictwa pozwalaj\u0105 na prowadzenie rzeczywistych zawod\u00f3w sportowych, podobnie jak w innych dyscyplinach.<\/p>\n<p>(z ksi\u0105\u017cki \u201eSztuka walki pust\u0105 r\u0119k\u0105\u201d H. Nishiyama, R.C. Brown)<\/p>\n<p><a href=\"http:\/\/fsk.biali.ninja\/wp-content\/uploads\/2015\/02\/IMG_68441.jpg\"><img loading=\"lazy\" decoding=\"async\" class=\"alignnone size-large wp-image-212\" src=\"http:\/\/fsk.biali.ninja\/wp-content\/uploads\/2015\/02\/IMG_68441-1024x683.jpg\" alt=\"IMG_6844\" width=\"904\" height=\"603\" srcset=\"http:\/\/klubfsk.pl\/wp-content\/uploads\/2015\/02\/IMG_68441.jpg 1024w, http:\/\/klubfsk.pl\/wp-content\/uploads\/2015\/02\/IMG_68441-300x200.jpg 300w, http:\/\/klubfsk.pl\/wp-content\/uploads\/2015\/02\/IMG_68441-904x603.jpg 904w\" sizes=\"(max-width: 904px) 100vw, 904px\" \/><\/a><\/p>\n<hr \/>\n<p>&nbsp;<\/p>\n","protected":false},"excerpt":{"rendered":"<p>&nbsp; Karate &#8211; to dwa japo\u0144skie s\u0142owa \u201ekara-te\u201d, znacz\u0105 \u201epusta r\u0119ka\u201d. Karate jest systemem walki. System ten sk\u0142ada si\u0119 technik blokowania lub udaremniania ataku, kontratakowania przeciwnika przez uderzenie pi\u0119\u015bci\u0105 lub kantem d\u0142oni czy te\u017c kopni\u0119cia. Trzy ga\u0142\u0119zie dzisiejszego karate \u2013 jako sztuka fizyczna, sport i samoobrona \u2013 s\u0105 oparte na wykorzystaniu samych podstawowych technik. Najstarsz\u0105 [&hellip;]<\/p>\n","protected":false},"author":1,"featured_media":0,"parent":0,"menu_order":0,"comment_status":"open","ping_status":"open","template":"","meta":{"footnotes":""},"_links":{"self":[{"href":"http:\/\/klubfsk.pl\/index.php?rest_route=\/wp\/v2\/pages\/28"}],"collection":[{"href":"http:\/\/klubfsk.pl\/index.php?rest_route=\/wp\/v2\/pages"}],"about":[{"href":"http:\/\/klubfsk.pl\/index.php?rest_route=\/wp\/v2\/types\/page"}],"author":[{"embeddable":true,"href":"http:\/\/klubfsk.pl\/index.php?rest_route=\/wp\/v2\/users\/1"}],"replies":[{"embeddable":true,"href":"http:\/\/klubfsk.pl\/index.php?rest_route=%2Fwp%2Fv2%2Fcomments&post=28"}],"version-history":[{"count":7,"href":"http:\/\/klubfsk.pl\/index.php?rest_route=\/wp\/v2\/pages\/28\/revisions"}],"predecessor-version":[{"id":296,"href":"http:\/\/klubfsk.pl\/index.php?rest_route=\/wp\/v2\/pages\/28\/revisions\/296"}],"wp:attachment":[{"href":"http:\/\/klubfsk.pl\/index.php?rest_route=%2Fwp%2Fv2%2Fmedia&parent=28"}],"curies":[{"name":"wp","href":"https:\/\/api.w.org\/{rel}","templated":true}]}}