{"id":44,"date":"2015-02-24T23:43:55","date_gmt":"2015-02-24T22:43:55","guid":{"rendered":"http:\/\/fsk.biali.ninja\/?page_id=44"},"modified":"2015-02-27T11:21:15","modified_gmt":"2015-02-27T10:21:15","slug":"treningi","status":"publish","type":"page","link":"http:\/\/klubfsk.pl\/?page_id=44","title":{"rendered":"Treningi"},"content":{"rendered":"<h2 id=\"tablepress-1-name\" class=\"tablepress-table-name tablepress-table-name-id-1\">Grafik trening\u00f3w<\/h2>\n\n<table id=\"tablepress-1\" class=\"tablepress tablepress-id-1\" aria-labelledby=\"tablepress-1-name\">\n<tbody class=\"row-hover\">\n<tr class=\"row-1\">\n\t<td class=\"column-1\"><strong>Poniedzia\u0142ek<\/strong><\/td><td class=\"column-2\"><strong>Szko\u0142a Spo\u0142eczna<\/strong><br \/>\nul. Powsta\u0144c\u00f3w \u015al\u0105skich 67a, W-wa<br \/>\ngodz 15.00-16.00 trening I grupy<br \/>\ngodz 16.00-17.00 trening II grupy<br \/>\ngodz 17.00-18.00 trening III grupy<br \/>\n <br \/>\n<strong>Klub YOGI<\/strong><br \/>\nul. Lazurowa 14, W-wa<br \/>\ngodz 20.00-21.30 trening IV grupy <\/td>\n<\/tr>\n<tr class=\"row-2\">\n\t<td class=\"column-1\"><strong>Wtorek<\/strong><\/td><td class=\"column-2\"><strong>Klub Yogi<\/strong><br \/>\nul. Lazurowa 14, W-wa<br \/>\ngodz 16.30-17.30 trening I grupy<br \/>\ngodz 17.30-18.30 trening II grupy<br \/>\ngodz 18.30-20.00 trening III grupy<\/td>\n<\/tr>\n<tr class=\"row-3\">\n\t<td class=\"column-1\"><strong>\u015aroda<\/strong><\/td><td class=\"column-2\"><strong>Szko\u0142a Spo\u0142eczna<\/strong><br \/>\nul. Powsta\u0144c\u00f3w \u015al\u0105skich 67a, W-wa<br \/>\ngodz 15.00-16.00 trening I grupy<br \/>\ngodz 16.00-17.00 trening II grupy<br \/>\ngodz 17.00-18.00 trening III grupy<br \/>\n <br \/>\n<strong>Klub YOGI<\/strong><br \/>\nul. Lazurowa 14, W-wa<br \/>\ngodz 18.30 Walki w parterze<br \/>\ngodz 20.00-21.30 trening IV grupy<\/td>\n<\/tr>\n<tr class=\"row-4\">\n\t<td class=\"column-1\"><strong>Czwartek<\/strong><\/td><td class=\"column-2\"><strong>Klub YOGI<\/strong><br \/>\nul. Lazurowa 14, W-wa<br \/>\ngodz 16.30-17.30 trening I grupy<br \/>\ngodz 17.30-18.30 trening II grupy<br \/>\ngodz 18.30-20.00 trening III grupy<\/td>\n<\/tr>\n<\/tbody>\n<\/table>\n<!-- #tablepress-1 from cache -->\n","protected":false},"excerpt":{"rendered":"","protected":false},"author":1,"featured_media":0,"parent":24,"menu_order":0,"comment_status":"open","ping_status":"open","template":"","meta":{"footnotes":""},"_links":{"self":[{"href":"http:\/\/klubfsk.pl\/index.php?rest_route=\/wp\/v2\/pages\/44"}],"collection":[{"href":"http:\/\/klubfsk.pl\/index.php?rest_route=\/wp\/v2\/pages"}],"about":[{"href":"http:\/\/klubfsk.pl\/index.php?rest_route=\/wp\/v2\/types\/page"}],"author":[{"embeddable":true,"href":"http:\/\/klubfsk.pl\/index.php?rest_route=\/wp\/v2\/users\/1"}],"replies":[{"embeddable":true,"href":"http:\/\/klubfsk.pl\/index.php?rest_route=%2Fwp%2Fv2%2Fcomments&post=44"}],"version-history":[{"count":6,"href":"http:\/\/klubfsk.pl\/index.php?rest_route=\/wp\/v2\/pages\/44\/revisions"}],"predecessor-version":[{"id":193,"href":"http:\/\/klubfsk.pl\/index.php?rest_route=\/wp\/v2\/pages\/44\/revisions\/193"}],"up":[{"embeddable":true,"href":"http:\/\/klubfsk.pl\/index.php?rest_route=\/wp\/v2\/pages\/24"}],"wp:attachment":[{"href":"http:\/\/klubfsk.pl\/index.php?rest_route=%2Fwp%2Fv2%2Fmedia&parent=44"}],"curies":[{"name":"wp","href":"https:\/\/api.w.org\/{rel}","templated":true}]}}